{"id":3206,"date":"2023-11-22T20:43:43","date_gmt":"2023-11-22T20:43:43","guid":{"rendered":"https:\/\/gastrototal.com.mx\/?page_id=3206"},"modified":"2024-01-04T22:25:15","modified_gmt":"2024-01-04T22:25:15","slug":"blog","status":"publish","type":"page","link":"https:\/\/gastrototal.com.mx\/en\/blog\/","title":{"rendered":"Blog"},"content":{"rendered":"<div data-elementor-type=\"wp-page\" data-elementor-id=\"3206\" class=\"elementor elementor-3206\" data-elementor-post-type=\"page\">\n\t\t\t\t\t\t<section class=\"elementor-section elementor-top-section elementor-element elementor-element-3cf2d42 elementor-section-full_width elementor-section-stretched elementor-section-height-default elementor-section-height-default elementor-invisible\" data-id=\"3cf2d42\" data-element_type=\"section\" data-settings=\"{&quot;background_background&quot;:&quot;classic&quot;,&quot;stretch_section&quot;:&quot;section-stretched&quot;,&quot;animation&quot;:&quot;fadeInRight&quot;}\">\n\t\t\t\t\t\t\t<div class=\"elementor-background-overlay\"><\/div>\n\t\t\t\t\t\t\t<div class=\"elementor-container elementor-column-gap-default\">\n\t\t\t\t\t<div class=\"elementor-column elementor-col-100 elementor-top-column elementor-element elementor-element-b6a1763\" data-id=\"b6a1763\" data-element_type=\"column\">\n\t\t\t<div class=\"elementor-widget-wrap elementor-element-populated\">\n\t\t\t\t\t\t<section class=\"elementor-section elementor-inner-section elementor-element elementor-element-946a3c3 elementor-section-full_width elementor-section-height-default elementor-section-height-default\" data-id=\"946a3c3\" data-element_type=\"section\">\n\t\t\t\t\t\t<div class=\"elementor-container elementor-column-gap-default\">\n\t\t\t\t\t<div class=\"elementor-column elementor-col-50 elementor-inner-column elementor-element elementor-element-b6cacd8\" data-id=\"b6cacd8\" data-element_type=\"column\">\n\t\t\t<div class=\"elementor-widget-wrap elementor-element-populated\">\n\t\t\t\t\t\t<div class=\"elementor-element elementor-element-ac782bf elementor-widget elementor-widget-spacer\" data-id=\"ac782bf\" data-element_type=\"widget\" data-widget_type=\"spacer.default\">\n\t\t\t\t<div class=\"elementor-widget-container\">\n\t\t\t\t\t\t\t<div class=\"elementor-spacer\">\n\t\t\t<div class=\"elementor-spacer-inner\"><\/div>\n\t\t<\/div>\n\t\t\t\t\t\t<\/div>\n\t\t\t\t<\/div>\n\t\t\t\t<div class=\"elementor-element elementor-element-29a6286 elementor-widget elementor-widget-heading\" data-id=\"29a6286\" data-element_type=\"widget\" data-widget_type=\"heading.default\">\n\t\t\t\t<div class=\"elementor-widget-container\">\n\t\t\t\t\t<h2 class=\"elementor-heading-title elementor-size-default\">Blog<\/h2>\t\t\t\t<\/div>\n\t\t\t\t<\/div>\n\t\t\t\t<div class=\"elementor-element elementor-element-94911e2 elementor-widget elementor-widget-text-editor\" data-id=\"94911e2\" data-element_type=\"widget\" data-widget_type=\"text-editor.default\">\n\t\t\t\t<div class=\"elementor-widget-container\">\n\t\t\t\t\t\t\t\t\t<p>Transform your life and&nbsp;<\/p>\n<p>well-being today!<\/p>\t\t\t\t\t\t\t\t<\/div>\n\t\t\t\t<\/div>\n\t\t\t\t<div class=\"elementor-element elementor-element-7c6c698 elementor-widget elementor-widget-spacer\" data-id=\"7c6c698\" data-element_type=\"widget\" data-widget_type=\"spacer.default\">\n\t\t\t\t<div class=\"elementor-widget-container\">\n\t\t\t\t\t\t\t<div class=\"elementor-spacer\">\n\t\t\t<div class=\"elementor-spacer-inner\"><\/div>\n\t\t<\/div>\n\t\t\t\t\t\t<\/div>\n\t\t\t\t<\/div>\n\t\t\t\t\t<\/div>\n\t\t<\/div>\n\t\t\t\t<div class=\"elementor-column elementor-col-50 elementor-inner-column elementor-element elementor-element-e2ffc98\" data-id=\"e2ffc98\" data-element_type=\"column\">\n\t\t\t<div class=\"elementor-widget-wrap\">\n\t\t\t\t\t\t\t<\/div>\n\t\t<\/div>\n\t\t\t\t\t<\/div>\n\t\t<\/section>\n\t\t\t\t\t<\/div>\n\t\t<\/div>\n\t\t\t\t\t<\/div>\n\t\t<\/section>\n\t\t\t\t<section class=\"elementor-section elementor-top-section elementor-element elementor-element-04a6e4f elementor-section-boxed elementor-section-height-default elementor-section-height-default\" data-id=\"04a6e4f\" data-element_type=\"section\">\n\t\t\t\t\t\t<div class=\"elementor-container elementor-column-gap-default\">\n\t\t\t\t\t<div class=\"elementor-column elementor-col-100 elementor-top-column elementor-element elementor-element-b345528\" data-id=\"b345528\" data-element_type=\"column\">\n\t\t\t<div class=\"elementor-widget-wrap elementor-element-populated\">\n\t\t\t\t\t\t\t<\/div>\n\t\t<\/div>\n\t\t\t\t\t<\/div>\n\t\t<\/section>\n\t\t\t\t<section class=\"elementor-section elementor-top-section elementor-element elementor-element-133d0e17 elementor-section-boxed elementor-section-height-default elementor-section-height-default\" data-id=\"133d0e17\" data-element_type=\"section\">\n\t\t\t\t\t\t<div class=\"elementor-container elementor-column-gap-default\">\n\t\t\t\t\t<div class=\"elementor-column elementor-col-100 elementor-top-column elementor-element elementor-element-e76b12f\" data-id=\"e76b12f\" data-element_type=\"column\">\n\t\t\t<div class=\"elementor-widget-wrap elementor-element-populated\">\n\t\t\t\t\t\t<div class=\"elementor-element elementor-element-4f527669 elementor-grid-3 elementor-grid-tablet-2 elementor-grid-mobile-1 elementor-posts--thumbnail-top elementor-widget elementor-widget-posts\" data-id=\"4f527669\" data-element_type=\"widget\" data-settings=\"{&quot;classic_row_gap&quot;:{&quot;unit&quot;:&quot;px&quot;,&quot;size&quot;:41,&quot;sizes&quot;:[]},&quot;classic_columns&quot;:&quot;3&quot;,&quot;classic_columns_tablet&quot;:&quot;2&quot;,&quot;classic_columns_mobile&quot;:&quot;1&quot;,&quot;classic_row_gap_tablet&quot;:{&quot;unit&quot;:&quot;px&quot;,&quot;size&quot;:&quot;&quot;,&quot;sizes&quot;:[]},&quot;classic_row_gap_mobile&quot;:{&quot;unit&quot;:&quot;px&quot;,&quot;size&quot;:&quot;&quot;,&quot;sizes&quot;:[]}}\" data-widget_type=\"posts.classic\">\n\t\t\t\t<div class=\"elementor-widget-container\">\n\t\t\t\t\t\t\t<div class=\"elementor-posts-container elementor-posts elementor-posts--skin-classic elementor-grid\" role=\"list\">\n\t\t\t\t<article class=\"elementor-post elementor-grid-item post-5242 post type-post status-publish format-standard hentry category-sin-categoria\" role=\"listitem\">\n\t\t\t\t<div class=\"elementor-post__text\">\n\t\t\t\t<h3 class=\"elementor-post__title\">\n\t\t\t<a href=\"https:\/\/gastrototal.com.mx\/en\/cirugia-de-reversion-del-mini-bypass-gastrico-consideraciones-y-riesgos-a-tener-en-cuenta\/\" target=\"&quot;_blank&quot;\">\n\t\t\t\tCirug\u00eda de Reversi\u00f3n del Mini Bypass G\u00e1strico: Consideraciones y Riesgos a Tener en Cuenta\t\t\t<\/a>\n\t\t<\/h3>\n\t\t\t\t<div class=\"elementor-post__excerpt\">\n\t\t\t<p>El Mini Bypass G\u00e1strico (MGB) es una herramienta eficaz para combatir la obesidad y mejorar la salud. Sin embargo, en algunos casos, puede ser necesario revertir la cirug\u00eda debido a complicaciones, efectos secundarios o cambios en las necesidades del paciente. Esta gu\u00eda tiene como objetivo analizar las razones para la<\/p>\n\t\t<\/div>\n\t\t\n\t\t<a class=\"elementor-post__read-more\" href=\"https:\/\/gastrototal.com.mx\/en\/cirugia-de-reversion-del-mini-bypass-gastrico-consideraciones-y-riesgos-a-tener-en-cuenta\/\" aria-label=\"Read more about Cirug\u00eda de Reversi\u00f3n del Mini Bypass G\u00e1strico: Consideraciones y Riesgos a Tener en Cuenta\" tabindex=\"-1\" target=\"_blank\">\n\t\t\tVER M\u00c1S \u00bb\t\t<\/a>\n\n\t\t\t\t<\/div>\n\t\t\t\t<\/article>\n\t\t\t\t<article class=\"elementor-post elementor-grid-item post-5240 post type-post status-publish format-standard hentry category-sin-categoria\" role=\"listitem\">\n\t\t\t\t<div class=\"elementor-post__text\">\n\t\t\t\t<h3 class=\"elementor-post__title\">\n\t\t\t<a href=\"https:\/\/gastrototal.com.mx\/en\/recuperacion-post-mini-bypass-gastrico-guia-integral-para-las-primeras-semanas\/\" target=\"&quot;_blank&quot;\">\n\t\t\t\tRecuperaci\u00f3n Post Mini Bypass G\u00e1strico: Gu\u00eda Integral para las Primeras Semanas\t\t\t<\/a>\n\t\t<\/h3>\n\t\t\t\t<div class=\"elementor-post__excerpt\">\n\t\t\t<p>El Mini Bypass G\u00e1strico (MGB) se ha convertido en una herramienta de gran eficacia para combatir la obesidad y mejorar la salud general de los pacientes. No obstante, la recuperaci\u00f3n despu\u00e9s de la cirug\u00eda es un proceso crucial que requiere atenci\u00f3n y cuidado meticuloso para asegurar un resultado \u00f3ptimo. Esta<\/p>\n\t\t<\/div>\n\t\t\n\t\t<a class=\"elementor-post__read-more\" href=\"https:\/\/gastrototal.com.mx\/en\/recuperacion-post-mini-bypass-gastrico-guia-integral-para-las-primeras-semanas\/\" aria-label=\"Read more about Recuperaci\u00f3n Post Mini Bypass G\u00e1strico: Gu\u00eda Integral para las Primeras Semanas\" tabindex=\"-1\" target=\"_blank\">\n\t\t\tVER M\u00c1S \u00bb\t\t<\/a>\n\n\t\t\t\t<\/div>\n\t\t\t\t<\/article>\n\t\t\t\t<article class=\"elementor-post elementor-grid-item post-5238 post type-post status-publish format-standard hentry category-sin-categoria\" role=\"listitem\">\n\t\t\t\t<div class=\"elementor-post__text\">\n\t\t\t\t<h3 class=\"elementor-post__title\">\n\t\t\t<a href=\"https:\/\/gastrototal.com.mx\/en\/preparacion-preoperatoria-para-el-mini-bypass-gastrico-guia-integral\/\" target=\"&quot;_blank&quot;\">\n\t\t\t\tPreparaci\u00f3n Preoperatoria para el Mini Bypass G\u00e1strico: Gu\u00eda Integral\t\t\t<\/a>\n\t\t<\/h3>\n\t\t\t\t<div class=\"elementor-post__excerpt\">\n\t\t\t<p>El Mini Bypass G\u00e1strico (MGB) se ha posicionado como una herramienta efectiva en la lucha contra la obesidad y la mejora de la salud general de los pacientes. No obstante, para alcanzar un resultado \u00f3ptimo y minimizar los riesgos asociados a la intervenci\u00f3n, se considera crucial una adecuada preparaci\u00f3n preoperatoria.<\/p>\n\t\t<\/div>\n\t\t\n\t\t<a class=\"elementor-post__read-more\" href=\"https:\/\/gastrototal.com.mx\/en\/preparacion-preoperatoria-para-el-mini-bypass-gastrico-guia-integral\/\" aria-label=\"Read more about Preparaci\u00f3n Preoperatoria para el Mini Bypass G\u00e1strico: Gu\u00eda Integral\" tabindex=\"-1\" target=\"_blank\">\n\t\t\tVER M\u00c1S \u00bb\t\t<\/a>\n\n\t\t\t\t<\/div>\n\t\t\t\t<\/article>\n\t\t\t\t<article class=\"elementor-post elementor-grid-item post-5236 post type-post status-publish format-standard hentry category-sin-categoria\" role=\"listitem\">\n\t\t\t\t<div class=\"elementor-post__text\">\n\t\t\t\t<h3 class=\"elementor-post__title\">\n\t\t\t<a href=\"https:\/\/gastrototal.com.mx\/en\/mini-bypass-gastrico-funcionamiento-y-diferencias-con-otros-procedimientos-bariatricos\/\" target=\"&quot;_blank&quot;\">\n\t\t\t\tMini Bypass G\u00e1strico: Funcionamiento y Diferencias con otros Procedimientos Bari\u00e1tricos\t\t\t<\/a>\n\t\t<\/h3>\n\t\t\t\t<div class=\"elementor-post__excerpt\">\n\t\t\t<p>La lucha contra la obesidad y el sobrepeso ha impulsado el desarrollo de diferentes t\u00e9cnicas quir\u00fargicas bari\u00e1tricas. Entre ellas, el Mini Bypass G\u00e1strico (MGB) se ha convertido en una alternativa atractiva por su eficacia y menor complejidad en comparaci\u00f3n con otras opciones. \u00bfC\u00f3mo funciona el Mini Bypass G\u00e1strico? El MGB<\/p>\n\t\t<\/div>\n\t\t\n\t\t<a class=\"elementor-post__read-more\" href=\"https:\/\/gastrototal.com.mx\/en\/mini-bypass-gastrico-funcionamiento-y-diferencias-con-otros-procedimientos-bariatricos\/\" aria-label=\"Read more about Mini Bypass G\u00e1strico: Funcionamiento y Diferencias con otros Procedimientos Bari\u00e1tricos\" tabindex=\"-1\" target=\"_blank\">\n\t\t\tVER M\u00c1S \u00bb\t\t<\/a>\n\n\t\t\t\t<\/div>\n\t\t\t\t<\/article>\n\t\t\t\t<article class=\"elementor-post elementor-grid-item post-5234 post type-post status-publish format-standard hentry category-sin-categoria\" role=\"listitem\">\n\t\t\t\t<div class=\"elementor-post__text\">\n\t\t\t\t<h3 class=\"elementor-post__title\">\n\t\t\t<a href=\"https:\/\/gastrototal.com.mx\/en\/exito-a-largo-plazo-tras-la-manga-gastrica-claves-para-mantener-la-perdida-de-peso\/\" target=\"&quot;_blank&quot;\">\n\t\t\t\t\u00c9xito a Largo Plazo Tras la Manga G\u00e1strica: Claves para Mantener la P\u00e9rdida de Peso\t\t\t<\/a>\n\t\t<\/h3>\n\t\t\t\t<div class=\"elementor-post__excerpt\">\n\t\t\t<p>La manga g\u00e1strica (MG) ha demostrado ser una herramienta eficaz para combatir la obesidad y mejorar la salud general de los pacientes. Si bien la intervenci\u00f3n quir\u00fargica ofrece un punto de partida crucial, el \u00e9xito a largo plazo depende del compromiso del paciente con un estilo de vida saludable. Claves<\/p>\n\t\t<\/div>\n\t\t\n\t\t<a class=\"elementor-post__read-more\" href=\"https:\/\/gastrototal.com.mx\/en\/exito-a-largo-plazo-tras-la-manga-gastrica-claves-para-mantener-la-perdida-de-peso\/\" aria-label=\"Read more about \u00c9xito a Largo Plazo Tras la Manga G\u00e1strica: Claves para Mantener la P\u00e9rdida de Peso\" tabindex=\"-1\" target=\"_blank\">\n\t\t\tVER M\u00c1S \u00bb\t\t<\/a>\n\n\t\t\t\t<\/div>\n\t\t\t\t<\/article>\n\t\t\t\t<article class=\"elementor-post elementor-grid-item post-5232 post type-post status-publish format-standard hentry category-sin-categoria\" role=\"listitem\">\n\t\t\t\t<div class=\"elementor-post__text\">\n\t\t\t\t<h3 class=\"elementor-post__title\">\n\t\t\t<a href=\"https:\/\/gastrototal.com.mx\/en\/cirugia-de-manga-gastrica-un-camino-hacia-la-salud-y-el-bienestar\/\" target=\"&quot;_blank&quot;\">\n\t\t\t\tCirug\u00eda de Manga G\u00e1strica: Un Camino Hacia la Salud y el Bienestar\t\t\t<\/a>\n\t\t<\/h3>\n\t\t\t\t<div class=\"elementor-post__excerpt\">\n\t\t\t<p>La obesidad es una enfermedad cr\u00f3nica que afecta a millones de personas en el mundo. Se caracteriza por un exceso de tejido adiposo que puede provocar diversas enfermedades como diabetes tipo 2, hipertensi\u00f3n, apnea del sue\u00f1o y enfermedades cardiovasculares. La cirug\u00eda de manga g\u00e1strica se ha convertido en una herramienta<\/p>\n\t\t<\/div>\n\t\t\n\t\t<a class=\"elementor-post__read-more\" href=\"https:\/\/gastrototal.com.mx\/en\/cirugia-de-manga-gastrica-un-camino-hacia-la-salud-y-el-bienestar\/\" aria-label=\"Read more about Cirug\u00eda de Manga G\u00e1strica: Un Camino Hacia la Salud y el Bienestar\" tabindex=\"-1\" target=\"_blank\">\n\t\t\tVER M\u00c1S \u00bb\t\t<\/a>\n\n\t\t\t\t<\/div>\n\t\t\t\t<\/article>\n\t\t\t\t<\/div>\n\t\t\n\t\t\t\t\t\t<\/div>\n\t\t\t\t<\/div>\n\t\t\t\t\t<\/div>\n\t\t<\/div>\n\t\t\t\t\t<\/div>\n\t\t<\/section>\n\t\t\t\t<\/div>","protected":false},"excerpt":{"rendered":"<p>Blog \u00a1Transforma tu vida y&nbsp; bienestar hoy!<\/p>","protected":false},"author":11,"featured_media":0,"parent":0,"menu_order":0,"comment_status":"closed","ping_status":"closed","template":"","meta":{"site-sidebar-layout":"no-sidebar","site-content-layout":"","ast-site-content-layout":"full-width-container","site-content-style":"default","site-sidebar-style":"default","ast-global-header-display":"","ast-banner-title-visibility":"","ast-main-header-display":"","ast-hfb-above-header-display":"","ast-hfb-below-header-display":"","ast-hfb-mobile-header-display":"","site-post-title":"disabled","ast-breadcrumbs-content":"","ast-featured-img":"disabled","footer-sml-layout":"","theme-transparent-header-meta":"","adv-header-id-meta":"","stick-header-meta":"","header-above-stick-meta":"","header-main-stick-meta":"","header-below-stick-meta":"","astra-migrate-meta-layouts":"default","ast-page-background-enabled":"default","ast-page-background-meta":{"desktop":{"background-color":"var(--ast-global-color-4)","background-image":"","background-repeat":"repeat","background-position":"center center","background-size":"auto","background-attachment":"scroll","background-type":"","background-media":"","overlay-type":"","overlay-color":"","overlay-opacity":"","overlay-gradient":""},"tablet":{"background-color":"","background-image":"","background-repeat":"repeat","background-position":"center center","background-size":"auto","background-attachment":"scroll","background-type":"","background-media":"","overlay-type":"","overlay-color":"","overlay-opacity":"","overlay-gradient":""},"mobile":{"background-color":"","background-image":"","background-repeat":"repeat","background-position":"center center","background-size":"auto","background-attachment":"scroll","background-type":"","background-media":"","overlay-type":"","overlay-color":"","overlay-opacity":"","overlay-gradient":""}},"ast-content-background-meta":{"desktop":{"background-color":"var(--ast-global-color-5)","background-image":"","background-repeat":"repeat","background-position":"center center","background-size":"auto","background-attachment":"scroll","background-type":"","background-media":"","overlay-type":"","overlay-color":"","overlay-opacity":"","overlay-gradient":""},"tablet":{"background-color":"var(--ast-global-color-5)","background-image":"","background-repeat":"repeat","background-position":"center center","background-size":"auto","background-attachment":"scroll","background-type":"","background-media":"","overlay-type":"","overlay-color":"","overlay-opacity":"","overlay-gradient":""},"mobile":{"background-color":"var(--ast-global-color-5)","background-image":"","background-repeat":"repeat","background-position":"center center","background-size":"auto","background-attachment":"scroll","background-type":"","background-media":"","overlay-type":"","overlay-color":"","overlay-opacity":"","overlay-gradient":""}},"footnotes":""},"class_list":["post-3206","page","type-page","status-publish","hentry"],"yoast_head":"<!-- This site is optimized with the Yoast SEO plugin v26.4 - https:\/\/yoast.com\/wordpress\/plugins\/seo\/ -->\n<title>Blog - Gastro Total<\/title>\n<meta name=\"robots\" content=\"index, follow, max-snippet:-1, max-image-preview:large, max-video-preview:-1\" \/>\n<link rel=\"canonical\" href=\"https:\/\/gastrototal.com.mx\/en\/blog\/\" \/>\n<meta property=\"og:locale\" content=\"en_US\" \/>\n<meta property=\"og:type\" content=\"article\" \/>\n<meta property=\"og:title\" content=\"Blog - Gastro Total\" \/>\n<meta property=\"og:description\" content=\"Blog \u00a1Transforma tu vida y&nbsp; bienestar hoy!\" \/>\n<meta property=\"og:url\" content=\"https:\/\/gastrototal.com.mx\/en\/blog\/\" \/>\n<meta property=\"og:site_name\" content=\"Gastro Total\" \/>\n<meta property=\"article:publisher\" content=\"https:\/\/www.facebook.com\/GastroTotalDrHumbertoCordero\" \/>\n<meta property=\"article:modified_time\" content=\"2024-01-04T22:25:15+00:00\" \/>\n<meta name=\"twitter:card\" content=\"summary_large_image\" \/>\n<meta name=\"twitter:label1\" content=\"Est. reading time\" \/>\n\t<meta name=\"twitter:data1\" content=\"5 minutes\" \/>\n<script type=\"application\/ld+json\" class=\"yoast-schema-graph\">{\"@context\":\"https:\/\/schema.org\",\"@graph\":[{\"@type\":\"WebPage\",\"@id\":\"https:\/\/gastrototal.com.mx\/blog\/\",\"url\":\"https:\/\/gastrototal.com.mx\/blog\/\",\"name\":\"Blog - Gastro Total\",\"isPartOf\":{\"@id\":\"https:\/\/gastrototal.com.mx\/#website\"},\"datePublished\":\"2023-11-22T20:43:43+00:00\",\"dateModified\":\"2024-01-04T22:25:15+00:00\",\"breadcrumb\":{\"@id\":\"https:\/\/gastrototal.com.mx\/blog\/#breadcrumb\"},\"inLanguage\":\"en-US\",\"potentialAction\":[{\"@type\":\"ReadAction\",\"target\":[\"https:\/\/gastrototal.com.mx\/blog\/\"]}]},{\"@type\":\"BreadcrumbList\",\"@id\":\"https:\/\/gastrototal.com.mx\/blog\/#breadcrumb\",\"itemListElement\":[{\"@type\":\"ListItem\",\"position\":1,\"name\":\"Inicio\",\"item\":\"https:\/\/gastrototal.com.mx\/\"},{\"@type\":\"ListItem\",\"position\":2,\"name\":\"Blog\"}]},{\"@type\":\"WebSite\",\"@id\":\"https:\/\/gastrototal.com.mx\/#website\",\"url\":\"https:\/\/gastrototal.com.mx\/\",\"name\":\"Gastro Total\",\"description\":\"Bypass G\u00e1strico\",\"publisher\":{\"@id\":\"https:\/\/gastrototal.com.mx\/#organization\"},\"potentialAction\":[{\"@type\":\"SearchAction\",\"target\":{\"@type\":\"EntryPoint\",\"urlTemplate\":\"https:\/\/gastrototal.com.mx\/?s={search_term_string}\"},\"query-input\":{\"@type\":\"PropertyValueSpecification\",\"valueRequired\":true,\"valueName\":\"search_term_string\"}}],\"inLanguage\":\"en-US\"},{\"@type\":\"Organization\",\"@id\":\"https:\/\/gastrototal.com.mx\/#organization\",\"name\":\"Gastro Total\",\"url\":\"https:\/\/gastrototal.com.mx\/\",\"logo\":{\"@type\":\"ImageObject\",\"inLanguage\":\"en-US\",\"@id\":\"https:\/\/gastrototal.com.mx\/#\/schema\/logo\/image\/\",\"url\":\"https:\/\/gastrototal.com.mx\/wp-content\/uploads\/2023\/11\/cropped-cropped-Logotipo-Gastro-Total_Mesa-de-trabajo-1-1-e1700849362358-1.png\",\"contentUrl\":\"https:\/\/gastrototal.com.mx\/wp-content\/uploads\/2023\/11\/cropped-cropped-Logotipo-Gastro-Total_Mesa-de-trabajo-1-1-e1700849362358-1.png\",\"width\":2619,\"height\":928,\"caption\":\"Gastro Total\"},\"image\":{\"@id\":\"https:\/\/gastrototal.com.mx\/#\/schema\/logo\/image\/\"},\"sameAs\":[\"https:\/\/www.facebook.com\/GastroTotalDrHumbertoCordero\"]}]}<\/script>\n<!-- \/ Yoast SEO plugin. -->","yoast_head_json":{"title":"Blog - Gastro Total","robots":{"index":"index","follow":"follow","max-snippet":"max-snippet:-1","max-image-preview":"max-image-preview:large","max-video-preview":"max-video-preview:-1"},"canonical":"https:\/\/gastrototal.com.mx\/en\/blog\/","og_locale":"en_US","og_type":"article","og_title":"Blog - Gastro Total","og_description":"Blog \u00a1Transforma tu vida y&nbsp; bienestar hoy!","og_url":"https:\/\/gastrototal.com.mx\/en\/blog\/","og_site_name":"Gastro Total","article_publisher":"https:\/\/www.facebook.com\/GastroTotalDrHumbertoCordero","article_modified_time":"2024-01-04T22:25:15+00:00","twitter_card":"summary_large_image","twitter_misc":{"Est. reading time":"5 minutes"},"schema":{"@context":"https:\/\/schema.org","@graph":[{"@type":"WebPage","@id":"https:\/\/gastrototal.com.mx\/blog\/","url":"https:\/\/gastrototal.com.mx\/blog\/","name":"Blog - Gastro Total","isPartOf":{"@id":"https:\/\/gastrototal.com.mx\/#website"},"datePublished":"2023-11-22T20:43:43+00:00","dateModified":"2024-01-04T22:25:15+00:00","breadcrumb":{"@id":"https:\/\/gastrototal.com.mx\/blog\/#breadcrumb"},"inLanguage":"en-US","potentialAction":[{"@type":"ReadAction","target":["https:\/\/gastrototal.com.mx\/blog\/"]}]},{"@type":"BreadcrumbList","@id":"https:\/\/gastrototal.com.mx\/blog\/#breadcrumb","itemListElement":[{"@type":"ListItem","position":1,"name":"Inicio","item":"https:\/\/gastrototal.com.mx\/"},{"@type":"ListItem","position":2,"name":"Blog"}]},{"@type":"WebSite","@id":"https:\/\/gastrototal.com.mx\/#website","url":"https:\/\/gastrototal.com.mx\/","name":"Gastro Total","description":"Gastric Bypass","publisher":{"@id":"https:\/\/gastrototal.com.mx\/#organization"},"potentialAction":[{"@type":"SearchAction","target":{"@type":"EntryPoint","urlTemplate":"https:\/\/gastrototal.com.mx\/?s={search_term_string}"},"query-input":{"@type":"PropertyValueSpecification","valueRequired":true,"valueName":"search_term_string"}}],"inLanguage":"en-US"},{"@type":"Organization","@id":"https:\/\/gastrototal.com.mx\/#organization","name":"Gastro Total","url":"https:\/\/gastrototal.com.mx\/","logo":{"@type":"ImageObject","inLanguage":"en-US","@id":"https:\/\/gastrototal.com.mx\/#\/schema\/logo\/image\/","url":"https:\/\/gastrototal.com.mx\/wp-content\/uploads\/2023\/11\/cropped-cropped-Logotipo-Gastro-Total_Mesa-de-trabajo-1-1-e1700849362358-1.png","contentUrl":"https:\/\/gastrototal.com.mx\/wp-content\/uploads\/2023\/11\/cropped-cropped-Logotipo-Gastro-Total_Mesa-de-trabajo-1-1-e1700849362358-1.png","width":2619,"height":928,"caption":"Gastro Total"},"image":{"@id":"https:\/\/gastrototal.com.mx\/#\/schema\/logo\/image\/"},"sameAs":["https:\/\/www.facebook.com\/GastroTotalDrHumbertoCordero"]}]}},"_links":{"self":[{"href":"https:\/\/gastrototal.com.mx\/en\/wp-json\/wp\/v2\/pages\/3206","targetHints":{"allow":["GET"]}}],"collection":[{"href":"https:\/\/gastrototal.com.mx\/en\/wp-json\/wp\/v2\/pages"}],"about":[{"href":"https:\/\/gastrototal.com.mx\/en\/wp-json\/wp\/v2\/types\/page"}],"author":[{"embeddable":true,"href":"https:\/\/gastrototal.com.mx\/en\/wp-json\/wp\/v2\/users\/11"}],"replies":[{"embeddable":true,"href":"https:\/\/gastrototal.com.mx\/en\/wp-json\/wp\/v2\/comments?post=3206"}],"version-history":[{"count":60,"href":"https:\/\/gastrototal.com.mx\/en\/wp-json\/wp\/v2\/pages\/3206\/revisions"}],"predecessor-version":[{"id":4849,"href":"https:\/\/gastrototal.com.mx\/en\/wp-json\/wp\/v2\/pages\/3206\/revisions\/4849"}],"wp:attachment":[{"href":"https:\/\/gastrototal.com.mx\/en\/wp-json\/wp\/v2\/media?parent=3206"}],"curies":[{"name":"wp","href":"https:\/\/api.w.org\/{rel}","templated":true}]}}